{"id":4341,"date":"2021-03-16T10:07:26","date_gmt":"2021-03-16T10:07:26","guid":{"rendered":"https:\/\/samilia.org\/about\/"},"modified":"2025-12-09T15:02:47","modified_gmt":"2025-12-09T15:02:47","slug":"mission-values-foundation","status":"publish","type":"page","link":"https:\/\/samilia.org\/en\/mission-values-foundation\/","title":{"rendered":"Mission and Values"},"content":{"rendered":"\t\t<div data-elementor-type=\"wp-page\" data-elementor-id=\"4341\" class=\"elementor elementor-4341 elementor-1427\">\n\t\t\t\t<div class=\"elementor-element elementor-element-7f13f91 e-flex e-con-boxed e-con e-parent\" data-id=\"7f13f91\" data-element_type=\"container\" data-e-type=\"container\">\n\t\t\t\t\t<div class=\"e-con-inner\">\n\t\t\t\t<div class=\"elementor-element elementor-element-df8a123 elementor-widget elementor-widget-spacer\" data-id=\"df8a123\" data-element_type=\"widget\" data-e-type=\"widget\" data-widget_type=\"spacer.default\">\n\t\t\t\t<div class=\"elementor-widget-container\">\n\t\t\t\t\t\t\t<div class=\"elementor-spacer\">\n\t\t\t<div class=\"elementor-spacer-inner\"><\/div>\n\t\t<\/div>\n\t\t\t\t\t\t<\/div>\n\t\t\t\t<\/div>\n\t\t\t\t<div class=\"elementor-element elementor-element-93aaaf1 elementor-widget elementor-widget-testimonial_slider bdevs-el testimonial_slider\" data-id=\"93aaaf1\" data-element_type=\"widget\" data-e-type=\"widget\" data-settings=\"{&quot;design_style&quot;:&quot;style_2&quot;}\" data-widget_type=\"testimonial_slider.default\">\n\t\t\t\t<div class=\"elementor-widget-container\">\n\t\t\t\t\t\n            <section class=\"testimonial-area-02\">\n                <div class=\"container\">\n                    <div class=\"row\">\n                        <div class=\"col-xl-10 testimonial-wrapper mt-10\">\n                            <div class=\"testimonial-active-02\" data-s-autoplay='false' data-s-time='3000' data-s-nav='false' data-s-dots=''>\n                                                                    <div class=\"testimonial-item-02 ml-55 d-md-flex align-items-center wow fadeInUp2 animated\"\n                                        data-wow-delay='.3s'>\n                                        \n                                        <div class=\"testimonial-item__content\">\n                                                                                            <h2 class=\"bdevs-el-title\">Le palais serait l\u00e0. Pour dire \u00e0 tous la faute des Tsongor. Pour honorer le souvenir de Samilia et offrir, \u00e0 jamais, \u00e0 ses s\u0153urs errantes, l'hospitalit\u00e9\n\n\n\n<\/h2>\n                                                                                        <div class=\"author-box d-flex align-items-center'\">\n                                                <div class=\"author-box__icon mr-25\">\n                                                    <i class=\"fal fa-quote-left\"><\/i>\n                                                <\/div>\n                                                <div class=\"author_box__content bdevs-el-content\">\n                                                                                                            <h4 class=\"semi-02-title bdevs-el-subtitle\">\n                                                            La Mort du Roi Tsongor - Laurent Gaud\u00e9                                                        <\/h4>\n                                                                                                                                                                <p>\n                                                            Actes Sud - Prix Goncourt des lyc\u00e9ens 2002                                                        <\/p>\n                                                                                                    <\/div>\n                                            <\/div>\n                                        <\/div>\n                                    <\/div>\n                                                            <\/div>\n                        <\/div>\n\n                    <\/div>\n                <\/div>\n            <\/section>\n        \t\t\t\t<\/div>\n\t\t\t\t<\/div>\n\t\t\t\t\t<\/div>\n\t\t\t\t<\/div>\n\t\t<div class=\"elementor-element elementor-element-8e0e5b5 e-flex e-con-boxed e-con e-parent\" data-id=\"8e0e5b5\" data-element_type=\"container\" data-e-type=\"container\">\n\t\t\t\t\t<div class=\"e-con-inner\">\n\t\t\t\t<div class=\"elementor-element elementor-element-88a5ce5 elementor-widget elementor-widget-spacer\" data-id=\"88a5ce5\" data-element_type=\"widget\" data-e-type=\"widget\" data-widget_type=\"spacer.default\">\n\t\t\t\t<div class=\"elementor-widget-container\">\n\t\t\t\t\t\t\t<div class=\"elementor-spacer\">\n\t\t\t<div class=\"elementor-spacer-inner\"><\/div>\n\t\t<\/div>\n\t\t\t\t\t\t<\/div>\n\t\t\t\t<\/div>\n\t\t\t\t\t<\/div>\n\t\t\t\t<\/div>\n\t\t<div class=\"elementor-element elementor-element-3f9e139 e-flex e-con-boxed e-con e-parent\" data-id=\"3f9e139\" data-element_type=\"container\" data-e-type=\"container\">\n\t\t\t\t\t<div class=\"e-con-inner\">\n\t\t\t\t<div class=\"elementor-element elementor-element-3eadfe6 elementor-drop-cap-yes elementor-drop-cap-view-default elementor-widget elementor-widget-text-editor\" data-id=\"3eadfe6\" data-element_type=\"widget\" data-e-type=\"widget\" data-settings=\"{&quot;drop_cap&quot;:&quot;yes&quot;}\" data-widget_type=\"text-editor.default\">\n\t\t\t\t<div class=\"elementor-widget-container\">\n\t\t\t\t\t\t\t\t\t<p>Determined to work in the long term, particularly in terms of prevention, key people from different socio-economic circles have committed to activating the fight against human trafficking in all its forms by setting up a public utility foundation. Through its name**, SAMILIA**, aims to highlight the strength and resilience of all those forced into exile by war, socio-economic conditions or even global warming, which make them potential victims of trafficking. <\/p><p>SAMILIA is the virtual \u201cpalace\u201d where those who are committed to the fight against human trafficking come together around the same ethical values.<\/p><p>Created and recognized as being of public utility in 2007, the Samilia Foundation aims to combat human trafficking (THB) by alerting the general public and mobilizing all those who have the power or the will to make things change.<\/p><p>It bases its action on national laws, European texts and international conventions.<\/p><p>In order to avoid duplicating what has already been put in place in terms of assistance to victims of human trafficking, the Samilia Foundation has set itself the mission of acting effectively where existing systems should be supplemented or improved.<\/p><p> <\/p>\t\t\t\t\t\t\t\t<\/div>\n\t\t\t\t<\/div>\n\t\t\t\t<div class=\"elementor-element elementor-element-8f8c698 elementor-invisible elementor-widget elementor-widget-image\" data-id=\"8f8c698\" data-element_type=\"widget\" data-e-type=\"widget\" data-settings=\"{&quot;_animation&quot;:&quot;fadeIn&quot;}\" data-widget_type=\"image.default\">\n\t\t\t\t<div class=\"elementor-widget-container\">\n\t\t\t\t\t\t\t\t\t\t\t\t\t\t\t<img fetchpriority=\"high\" decoding=\"async\" width=\"640\" height=\"312\" src=\"https:\/\/samilia.org\/wp-content\/uploads\/2025\/03\/Samilia-PSD-avec-titres@05x-768x374.png\" class=\"attachment-medium_large size-medium_large wp-image-3163\" alt=\"\" srcset=\"https:\/\/samilia.org\/wp-content\/uploads\/2025\/03\/Samilia-PSD-avec-titres@05x-768x374.png 768w, https:\/\/samilia.org\/wp-content\/uploads\/2025\/03\/Samilia-PSD-avec-titres@05x-300x146.png 300w, https:\/\/samilia.org\/wp-content\/uploads\/2025\/03\/Samilia-PSD-avec-titres@05x-1024x499.png 1024w, https:\/\/samilia.org\/wp-content\/uploads\/2025\/03\/Samilia-PSD-avec-titres@05x-600x292.png 600w, https:\/\/samilia.org\/wp-content\/uploads\/2025\/03\/Samilia-PSD-avec-titres@05x.png 1179w\" sizes=\"(max-width: 640px) 100vw, 640px\" \/>\t\t\t\t\t\t\t\t\t\t\t\t\t\t\t<\/div>\n\t\t\t\t<\/div>\n\t\t\t\t<div class=\"elementor-element elementor-element-29101b2 elementor-drop-cap-yes elementor-drop-cap-view-default elementor-widget elementor-widget-text-editor\" data-id=\"29101b2\" data-element_type=\"widget\" data-e-type=\"widget\" data-settings=\"{&quot;drop_cap&quot;:&quot;yes&quot;}\" data-widget_type=\"text-editor.default\">\n\t\t\t\t<div class=\"elementor-widget-container\">\n\t\t\t\t\t\t\t\t\t<p> <\/p><p>Its missions have adapted over the years but its work remains structured around 4 axes:<\/p><ul><li>Information and awareness campaigns;<\/li><li>Implementation of prevention projects;<\/li><li>Political and institutional lobbying\/advocacy;<\/li><li>Organization of awareness and fundraising events;<\/li><\/ul><div> <\/div><p>Sharing the same objectives and the same values, the Samilia Foundation distinguishes itself from the Samilia non-profit organization by its areas of intervention and some of its missions:<\/p><ul><li>In terms of prevention, the SAMILIA Foundation intervenes in the countries of origin of victims of human trafficking by setting up specific projects in partnership with local partners (Romania, Moldova, Benin, Senegal, Ivory Coast, DRC)<\/li><li>In terms of information and awareness, the Samilia Foundation operates at European level and is a member of the EU Civil Platform against human trafficking.<\/li><li>Its lobbying and advocacy missions, as well as the organization of awareness-raising and fundraising events, are specific to it.<\/li><\/ul><div> <\/div><p>However, the successive lockdowns due to Covid 19 forced the Samilia Foundation to interrupt the prevention projects it was carrying out in schools in the countries of origin of victims of human trafficking (Romania, Moldova).<\/p><p>They have been replaced by emergency humanitarian aid programs coordinated by its local partners.<\/p><p>Shortly after the Russian invasion of Ukraine in 2022, and with the support of the Futur 21 Foundation, the SAMILIA Foundation carried out an emergency prevention program for Ukrainian women and children fleeing their country and welcomed in various centers on Ukraine&#8217;s borders with Moldova and Romania.<\/p>\t\t\t\t\t\t\t\t<\/div>\n\t\t\t\t<\/div>\n\t\t\t\t<div class=\"elementor-element elementor-element-70a30f8 elementor-widget elementor-widget-spacer\" data-id=\"70a30f8\" data-element_type=\"widget\" data-e-type=\"widget\" data-widget_type=\"spacer.default\">\n\t\t\t\t<div class=\"elementor-widget-container\">\n\t\t\t\t\t\t\t<div class=\"elementor-spacer\">\n\t\t\t<div class=\"elementor-spacer-inner\"><\/div>\n\t\t<\/div>\n\t\t\t\t\t\t<\/div>\n\t\t\t\t<\/div>\n\t\t\t\t\t<\/div>\n\t\t\t\t<\/div>\n\t\t\t\t<\/div>\n\t\t","protected":false},"excerpt":{"rendered":"<p>Le palais serait l\u00e0. Pour dire \u00e0 tous la faute des Tsongor. Pour honorer le souvenir de Samilia et offrir, \u00e0 jamais, \u00e0 ses s\u0153urs errantes, l&#8217;hospitalit\u00e9 La Mort du [&hellip;]<\/p>\n","protected":false},"author":1,"featured_media":0,"parent":0,"menu_order":0,"comment_status":"closed","ping_status":"closed","template":"elementor_header_footer","meta":{"_acf_changed":false,"footnotes":""},"class_list":["post-4341","page","type-page","status-publish","hentry"],"acf":[],"_links":{"self":[{"href":"https:\/\/samilia.org\/en\/wp-json\/wp\/v2\/pages\/4341","targetHints":{"allow":["GET"]}}],"collection":[{"href":"https:\/\/samilia.org\/en\/wp-json\/wp\/v2\/pages"}],"about":[{"href":"https:\/\/samilia.org\/en\/wp-json\/wp\/v2\/types\/page"}],"author":[{"embeddable":true,"href":"https:\/\/samilia.org\/en\/wp-json\/wp\/v2\/users\/1"}],"replies":[{"embeddable":true,"href":"https:\/\/samilia.org\/en\/wp-json\/wp\/v2\/comments?post=4341"}],"version-history":[{"count":2,"href":"https:\/\/samilia.org\/en\/wp-json\/wp\/v2\/pages\/4341\/revisions"}],"predecessor-version":[{"id":5349,"href":"https:\/\/samilia.org\/en\/wp-json\/wp\/v2\/pages\/4341\/revisions\/5349"}],"wp:attachment":[{"href":"https:\/\/samilia.org\/en\/wp-json\/wp\/v2\/media?parent=4341"}],"curies":[{"name":"wp","href":"https:\/\/api.w.org\/{rel}","templated":true}]}}