{"id":4388,"date":"2025-03-14T14:46:50","date_gmt":"2025-03-14T14:46:50","guid":{"rendered":"https:\/\/samilia.org\/home-02__trashed-2\/legal-notices\/"},"modified":"2025-12-09T09:34:33","modified_gmt":"2025-12-09T09:34:33","slug":"legal-notices","status":"publish","type":"page","link":"https:\/\/samilia.org\/en\/legal-notices\/","title":{"rendered":"Legal notices"},"content":{"rendered":"\t\t<div data-elementor-type=\"wp-page\" data-elementor-id=\"4388\" class=\"elementor elementor-4388 elementor-2084\">\n\t\t\t\t<div class=\"elementor-element elementor-element-1c32f62 e-flex e-con-boxed e-con e-parent\" data-id=\"1c32f62\" data-element_type=\"container\" data-e-type=\"container\">\n\t\t\t\t\t<div class=\"e-con-inner\">\n\t\t\t\t<div class=\"elementor-element elementor-element-3b95912 elementor-widget elementor-widget-text-editor\" data-id=\"3b95912\" data-element_type=\"widget\" data-e-type=\"widget\" data-widget_type=\"text-editor.default\">\n\t\t\t\t<div class=\"elementor-widget-container\">\n\t\t\t\t\t\t\t\t\t<div id=\"model-response-message-contentr_d0bc458d121c8a21\" class=\"markdown markdown-main-panel stronger enable-updated-hr-color\" dir=\"ltr\"><p class=\"p2\"><span class=\"s1\"><b>Legal notices<\/b><b><\/b><\/span><\/p><p class=\"p4\"><span class=\"s1\"><b>1. Information on the Site Publisher (Publication Manager)<\/b><b><\/b><\/span><\/p><ul class=\"ul1\"><li class=\"li4\"><b><\/b><span class=\"s1\">Name of the publishing entity: Samilia Foundation and\/or Samilia ASBL<\/span><\/li><li class=\"li4\"><b><\/b><span class=\"s1\">Legal status: Public utility foundation and non-profit association (ASBL)<\/span><\/li><li class=\"li4\"><b><\/b><span class=\"s1\">Head Office Address: Chauss\u00e9e de Saint Job, 719, 1180 Uccle, Belgium<\/span><\/li><li class=\"li4\"><b><\/b><span class=\"s1\">Company\/BCE number: [TO BE COMPLETED &#8211; Legal registration number of the non-profit organization and\/or the Foundation]<\/span><\/li><li class=\"li4\"><b><\/b><span class=\"s1\">Contact email address: info@samilia.org<\/span><\/li><li class=\"li4\"><b><\/b><span class=\"s1\">Telephone number: +32 (0)2 733 00 94<\/span><\/li><li class=\"li4\"><b><\/b><span class=\"s1\">Publication Director \/ Legal Representative: [TO BE COMPLETED &#8211; Name and position of the person responsible (e.g. the President or Director)]<\/span><\/li><\/ul><p class=\"p4\"><span class=\"s1\"><b>2. Information on the Site Host<\/b><b><\/b><\/span><\/p><ul class=\"ul1\"><li class=\"li4\"><b><\/b><span class=\"s1\">Host name: OVH SAS<\/span><\/li><li class=\"li4\"><b><\/b><span class=\"s1\">Host address: 2 rue Kellermann &#8211; 59100 Roubaix &#8211; France<\/span><\/li><li class=\"li4\"><b><\/b><span class=\"s1\">RCS: Lille M\u00e9tropole 424 761 419 00045 (or Roubaix \u2013 Tourcoing)<\/span><\/li><\/ul><p class=\"p4\"><span class=\"s1\"><b>3. Personal Data, Privacy Policy (GDPR) and cookies<\/b><b><\/b><\/span><\/p><p class=\"p4\"><span class=\"s1\"><b>3.1. Privacy Policy (Personal Data Protection &#8211; GDPR)<\/b><b><\/b><\/span><\/p><p class=\"p4\"><span class=\"s1\">The processing of your personal data is governed by the General Data Protection Regulation (GDPR) of the European Union.<\/span><\/p><ul class=\"ul1\"><li class=\"li4\"><b><\/b><span class=\"s1\">Data Controller: The Samilia Foundation \/ Samilia ASBL, whose contact details are mentioned in point 1 of this document.<\/span><\/li><li class=\"li4\"><b><\/b><span class=\"s1\">Purposes of Processing: Your personal data is processed for the management of donations, sending the newsletter (with your consent), site traffic statistics and communications relating to our awareness-raising and anti-trafficking in human beings (THB) missions.<\/span><\/li><li class=\"li4\"><b><\/b><span class=\"s1\">User Rights: In accordance with the GDPR, you have the right to access, rectify, erase, object to, limit the processing of, and request the portability of your personal data. You can exercise these rights by contacting us at the following email address: info@samilia.org. You also have the right to lodge a complaint with the Belgian Data Protection Authority (DPA).  <\/span><\/li><li class=\"li4\"><b><\/b><span class=\"s1\">Data Retention: Data is retained only for the period necessary to achieve the purposes for which it was collected.<\/span><\/li><li class=\"li4\"><b><\/b><span class=\"s1\">Important Note: We recommend that you create a dedicated and detailed page titled &#8220;Privacy Policy&#8221; or &#8220;Data Protection Policy&#8221; to detail precisely the types of data collected, their retention period, and the security measures implemented.<\/span><\/li><\/ul><p class=\"p4\"><span class=\"s1\"><b>3.2. Cookies and Tracking Tools<\/b><b><\/b><\/span><\/p><p class=\"p4\"><span class=\"s1\">The site uses cookies to improve your browsing experience and to compile traffic statistics.<\/span><\/p><ul class=\"ul1\"><li class=\"li4\"><b><\/b><span class=\"s1\"><b>Consent Management:<\/b><b><\/b><\/span><ul class=\"ul2\"><li class=\"li4\"><span class=\"s1\">When you first visit the site, an information banner is displayed to collect your consent (or refusal) regarding the use of cookies, in accordance with legal requirements.<\/span><\/li><li class=\"li4\"><span class=\"s1\">Only cookies strictly necessary for the operation of the site are placed by default. Analysis or marketing cookies are only placed after your explicit consent. <\/span><\/li><\/ul><\/li><li class=\"li4\"><b><\/b><span class=\"s1\"><b>Types of Cookies:<\/b><b><\/b><\/span><ul class=\"ul2\"><li class=\"li4\"><b><\/b><span class=\"s1\">Strictly necessary cookies: Essential to the operation of the site and cannot be deactivated (e.g.: session management).<\/span><\/li><li class=\"li4\"><b><\/b><span class=\"s1\">Performance\/statistics cookies: Used to analyze how visitors use the site and improve its operation (e.g. Google Analytics &#8211; to be confirmed if used).<\/span><\/li><\/ul><\/li><li class=\"li4\"><b><\/b><span class=\"s1\"><b>Comment modifier vos pr\u00e9f\u00e9rences :<\/b> Vous pouvez \u00e0 tout moment modifier ou retirer votre consentement via l&#8217;interface de gestion des cookies ou en supprimant les cookies enregistr\u00e9s sur votre navigateur.<\/span><\/li><\/ul><p class=\"p4\"><span class=\"s1\"><b>4. Propri\u00e9t\u00e9 Intellectuelle<\/b><b><\/b><\/span><\/p><ul class=\"ul1\"><li class=\"li4\"><span class=\"s1\">Le contenu du site (textes, images, logos, vid\u00e9os) est prot\u00e9g\u00e9 par le droit d&#8217;auteur.<\/span><\/li><li class=\"li4\"><span class=\"s1\">Toute reproduction ou repr\u00e9sentation, totale ou partielle, est soumise \u00e0 l&#8217;autorisation pr\u00e9alable \u00e9crite de l&#8217;\u00e9diteur.<\/span><\/li><\/ul><\/div>\t\t\t\t\t\t\t\t<\/div>\n\t\t\t\t<\/div>\n\t\t\t\t\t<\/div>\n\t\t\t\t<\/div>\n\t\t\t\t<\/div>\n\t\t","protected":false},"excerpt":{"rendered":"<p>Legal notices 1. Information on the Site Publisher (Publication Manager) Name of the publishing entity: Samilia Foundation and\/or Samilia ASBL Legal status: Public utility foundation and non-profit association (ASBL) Head [&hellip;]<\/p>\n","protected":false},"author":1,"featured_media":0,"parent":0,"menu_order":0,"comment_status":"closed","ping_status":"closed","template":"elementor_header_footer","meta":{"_acf_changed":false,"footnotes":""},"class_list":["post-4388","page","type-page","status-publish","hentry"],"acf":[],"_links":{"self":[{"href":"https:\/\/samilia.org\/en\/wp-json\/wp\/v2\/pages\/4388","targetHints":{"allow":["GET"]}}],"collection":[{"href":"https:\/\/samilia.org\/en\/wp-json\/wp\/v2\/pages"}],"about":[{"href":"https:\/\/samilia.org\/en\/wp-json\/wp\/v2\/types\/page"}],"author":[{"embeddable":true,"href":"https:\/\/samilia.org\/en\/wp-json\/wp\/v2\/users\/1"}],"replies":[{"embeddable":true,"href":"https:\/\/samilia.org\/en\/wp-json\/wp\/v2\/comments?post=4388"}],"version-history":[{"count":2,"href":"https:\/\/samilia.org\/en\/wp-json\/wp\/v2\/pages\/4388\/revisions"}],"predecessor-version":[{"id":5338,"href":"https:\/\/samilia.org\/en\/wp-json\/wp\/v2\/pages\/4388\/revisions\/5338"}],"wp:attachment":[{"href":"https:\/\/samilia.org\/en\/wp-json\/wp\/v2\/media?parent=4388"}],"curies":[{"name":"wp","href":"https:\/\/api.w.org\/{rel}","templated":true}]}}