{"id":4496,"date":"2025-10-28T20:28:05","date_gmt":"2025-10-28T20:28:05","guid":{"rendered":"https:\/\/samilia.org\/concerts\/"},"modified":"2025-10-28T20:50:24","modified_gmt":"2025-10-28T20:50:24","slug":"concerts","status":"publish","type":"page","link":"https:\/\/samilia.org\/en\/concerts\/","title":{"rendered":"Concerts"},"content":{"rendered":"\t\t<div data-elementor-type=\"wp-page\" data-elementor-id=\"4496\" class=\"elementor elementor-4496 elementor-4485\">\n\t\t\t\t\t\t<section class=\"elementor-section elementor-top-section elementor-element elementor-element-1e1f2f5 elementor-section-boxed elementor-section-height-default elementor-section-height-default\" data-id=\"1e1f2f5\" data-element_type=\"section\" data-e-type=\"section\" data-settings=\"{&quot;background_background&quot;:&quot;classic&quot;}\">\n\t\t\t\t\t\t<div class=\"elementor-container elementor-column-gap-default\">\n\t\t\t\t\t<div class=\"elementor-column elementor-col-100 elementor-top-column elementor-element elementor-element-75acef6\" data-id=\"75acef6\" data-element_type=\"column\" data-e-type=\"column\">\n\t\t\t<div class=\"elementor-widget-wrap elementor-element-populated\">\n\t\t\t\t\t\t<div class=\"elementor-element elementor-element-eea6e70 elementor-widget elementor-widget-event_list bdevs-el event_list\" data-id=\"eea6e70\" data-element_type=\"widget\" data-e-type=\"widget\" data-settings=\"{&quot;design_style&quot;:&quot;style_2&quot;}\" data-widget_type=\"event_list.default\">\n\t\t\t\t<div class=\"elementor-widget-container\">\n\t\t\t\t\t            <div class=\"events-wrapper\">\n                                        <div class=\"events events-list-02 active pos-rel\">\n                            <div class=\"events__back\" style=\"background-image: url();\"><\/div>\n                            <ul class=\"events__list__one align-items-center justify-content-between pl-50 pr-50\">\n                                <li>\n                                    <div class=\"events__content bdevs-el-content\">\n                                                                                    <span class=\"bdevs-el-subtitle\">\n                                                <i class=\"far fa-calendar-alt\"><\/i>\n                                                18 Dec 2024                                            <\/span>\n                                                                                <h3 class=\"bdevs-el-title mb-15\">\n                                            <a href=\"https:\/\/samilia.org\/en\/event\/a-musical-christmas-at-la-cambre-abbey\/\">\n                                                A musical Christmas at La Cambre                                            <\/a>\n                                        <\/h3>\n                                                                                    <p>Immersed in the spirit of Christmas, this exceptional philanthropic event, held in the magnificent<\/p>\n                                                                            <\/div>\n                                <\/li>\n                                                                    <li>\n                                        <div class=\"events__btn text-md-center text-xl-right\">\n                                            <a class=\"theme_btn theme_btn_bg bdevs-el-btn\" href=\"https:\/\/samilia.org\/en\/event\/a-musical-christmas-at-la-cambre-abbey\/\">\n                                                More                                                <span><i aria-hidden=\"true\" class=\"fas fa-music\"><\/i><\/span>\n                                            <\/a>\n                                        <\/div>\n                                    <\/li>\n                                                            <\/ul>\n                        <\/div>\n                                        <div class=\"events events-list-02 active pos-rel\">\n                            <div class=\"events__back\" style=\"background-image: url();\"><\/div>\n                            <ul class=\"events__list__one align-items-center justify-content-between pl-50 pr-50\">\n                                <li>\n                                    <div class=\"events__content bdevs-el-content\">\n                                                                                    <span class=\"bdevs-el-subtitle\">\n                                                <i class=\"far fa-calendar-alt\"><\/i>\n                                                7 Dec 2022                                            <\/span>\n                                                                                <h3 class=\"bdevs-el-title mb-15\">\n                                            <a href=\"https:\/\/samilia.org\/en\/event\/clematis-ensemble-concert-a-baroque-new-year\/\">\n                                                CLEMATIS Ensemble Concert: A Baroque New                                            <\/a>\n                                        <\/h3>\n                                                                                    <p>The Samilia Foundation and the CLEMATIS Ensemble cordially invite you this year to an<\/p>\n                                                                            <\/div>\n                                <\/li>\n                                                                    <li>\n                                        <div class=\"events__btn text-md-center text-xl-right\">\n                                            <a class=\"theme_btn theme_btn_bg bdevs-el-btn\" href=\"https:\/\/samilia.org\/en\/event\/clematis-ensemble-concert-a-baroque-new-year\/\">\n                                                More                                                <span><i aria-hidden=\"true\" class=\"fas fa-music\"><\/i><\/span>\n                                            <\/a>\n                                        <\/div>\n                                    <\/li>\n                                                            <\/ul>\n                        <\/div>\n                                        <div class=\"events events-list-02 active pos-rel\">\n                            <div class=\"events__back\" style=\"background-image: url();\"><\/div>\n                            <ul class=\"events__list__one align-items-center justify-content-between pl-50 pr-50\">\n                                <li>\n                                    <div class=\"events__content bdevs-el-content\">\n                                                                                    <span class=\"bdevs-el-subtitle\">\n                                                <i class=\"far fa-calendar-alt\"><\/i>\n                                                30 Apr 2019                                            <\/span>\n                                                                                <h3 class=\"bdevs-el-title mb-15\">\n                                            <a href=\"https:\/\/samilia.org\/en\/event\/annual-concert-of-the-samilia-foundation-jose-van-dam-sings-for-samilia\/\">\n                                                Annual concert of the Samilia Foundation                                            <\/a>\n                                        <\/h3>\n                                                                                    <p>Sophie Jekeler, President of the Samilia Foundation, and the members of the Board of<\/p>\n                                                                            <\/div>\n                                <\/li>\n                                                                    <li>\n                                        <div class=\"events__btn text-md-center text-xl-right\">\n                                            <a class=\"theme_btn theme_btn_bg bdevs-el-btn\" href=\"https:\/\/samilia.org\/en\/event\/annual-concert-of-the-samilia-foundation-jose-van-dam-sings-for-samilia\/\">\n                                                More                                                <span><i aria-hidden=\"true\" class=\"fas fa-music\"><\/i><\/span>\n                                            <\/a>\n                                        <\/div>\n                                    <\/li>\n                                                            <\/ul>\n                        <\/div>\n                                        <div class=\"events events-list-02 active pos-rel\">\n                            <div class=\"events__back\" style=\"background-image: url();\"><\/div>\n                            <ul class=\"events__list__one align-items-center justify-content-between pl-50 pr-50\">\n                                <li>\n                                    <div class=\"events__content bdevs-el-content\">\n                                                                                    <span class=\"bdevs-el-subtitle\">\n                                                <i class=\"far fa-calendar-alt\"><\/i>\n                                                21 Apr 2016                                            <\/span>\n                                                                                <h3 class=\"bdevs-el-title mb-15\">\n                                            <a href=\"https:\/\/samilia.org\/en\/event\/jose-van-dam-sings-for-samilia\/\">\n                                                Jos\u00e9 Van Dam sings for Samilia                                            <\/a>\n                                        <\/h3>\n                                                                                    <p>April 21, 2016, a date to already block in your calendar. &nbsp; That evening,<\/p>\n                                                                            <\/div>\n                                <\/li>\n                                                                    <li>\n                                        <div class=\"events__btn text-md-center text-xl-right\">\n                                            <a class=\"theme_btn theme_btn_bg bdevs-el-btn\" href=\"https:\/\/samilia.org\/en\/event\/jose-van-dam-sings-for-samilia\/\">\n                                                More                                                <span><i aria-hidden=\"true\" class=\"fas fa-music\"><\/i><\/span>\n                                            <\/a>\n                                        <\/div>\n                                    <\/li>\n                                                            <\/ul>\n                        <\/div>\n                            <\/div>\n            \t\t\t\t<\/div>\n\t\t\t\t<\/div>\n\t\t\t\t\t<\/div>\n\t\t<\/div>\n\t\t\t\t\t<\/div>\n\t\t<\/section>\n\t\t\t\t<section class=\"elementor-section elementor-top-section elementor-element elementor-element-8701400 elementor-section-full_width elementor-section-height-default elementor-section-height-default\" data-id=\"8701400\" data-element_type=\"section\" data-e-type=\"section\">\n\t\t\t\t\t\t<div class=\"elementor-container elementor-column-gap-no\">\n\t\t\t\t\t<div class=\"elementor-column elementor-col-100 elementor-top-column elementor-element elementor-element-3a3cb98\" data-id=\"3a3cb98\" data-element_type=\"column\" data-e-type=\"column\">\n\t\t\t<div class=\"elementor-widget-wrap elementor-element-populated\">\n\t\t\t\t\t\t<div class=\"elementor-element elementor-element-b76e7eb elementor-widget elementor-widget-cta bdevs-el cta\" data-id=\"b76e7eb\" data-element_type=\"widget\" data-e-type=\"widget\" data-settings=\"{&quot;design_style&quot;:&quot;style_1&quot;}\" data-widget_type=\"cta.default\">\n\t\t\t\t<div class=\"elementor-widget-container\">\n\t\t\t\t\t\n        \n\n            <!--cta-area start-->\n            <section class=\"cta-area theme-bg2 pt-50 pb-50\">\n                <div class=\"container\">\n                    <div class=\"row align-items-center\">\n                        <div class=\"col-xl-8 col-lg-8 col-md-8\">\n                            <div class=\"cta-wrapper\">\n                                <h2 class=\"z-title wow fadeInUp2 bdevs-el-title\" data-wow-delay=\".4s\">Support the Samilia Foundation<span>.<\/span><\/h2>                            <\/div>\n                        <\/div>\n\n                                                    <div class=\"col-xl-4 col-lg-4 col-md-4\">\n                                <div class=\"cta-btn text-md-right\">\n                                                                                <a class=\"theme_btn theme_btn_bg bdevs-el-btn\" href=\"\/en\/make-a-donation\/\"><span><i class=\"bdevs-btn-icon fas fa-heart\" aria-hidden=\"true\"><\/i><\/span> Make a donation<\/a>\n                                                                        <\/div>\n                            <\/div>\n                                            <\/div>\n                <\/div>\n            <\/section>\n            <!--cta-area end-->\n\n\t\t\t\t<\/div>\n\t\t\t\t<\/div>\n\t\t\t\t\t<\/div>\n\t\t<\/div>\n\t\t\t\t\t<\/div>\n\t\t<\/section>\n\t\t\t\t<\/div>\n\t\t","protected":false},"excerpt":{"rendered":"<p>18th D\u00e9c 2024 Un No\u00ebl en musique \u00e0 l\u2019Abbaye Plong\u00e9s dans l\u2019esprit de No\u00ebl, cet \u00e9v\u00e9nement philanthropique exceptionnel, organis\u00e9 dans le cadre somptueux More 7th D\u00e9c 2022 Concert de l&rsquo;Ensemble [&hellip;]<\/p>\n","protected":false},"author":1,"featured_media":0,"parent":0,"menu_order":0,"comment_status":"closed","ping_status":"closed","template":"elementor_header_footer","meta":{"_acf_changed":false,"footnotes":""},"class_list":["post-4496","page","type-page","status-publish","hentry","cat_concerts"],"acf":[],"_links":{"self":[{"href":"https:\/\/samilia.org\/en\/wp-json\/wp\/v2\/pages\/4496","targetHints":{"allow":["GET"]}}],"collection":[{"href":"https:\/\/samilia.org\/en\/wp-json\/wp\/v2\/pages"}],"about":[{"href":"https:\/\/samilia.org\/en\/wp-json\/wp\/v2\/types\/page"}],"author":[{"embeddable":true,"href":"https:\/\/samilia.org\/en\/wp-json\/wp\/v2\/users\/1"}],"replies":[{"embeddable":true,"href":"https:\/\/samilia.org\/en\/wp-json\/wp\/v2\/comments?post=4496"}],"version-history":[{"count":10,"href":"https:\/\/samilia.org\/en\/wp-json\/wp\/v2\/pages\/4496\/revisions"}],"predecessor-version":[{"id":4524,"href":"https:\/\/samilia.org\/en\/wp-json\/wp\/v2\/pages\/4496\/revisions\/4524"}],"wp:attachment":[{"href":"https:\/\/samilia.org\/en\/wp-json\/wp\/v2\/media?parent=4496"}],"curies":[{"name":"wp","href":"https:\/\/api.w.org\/{rel}","templated":true}]}}