{"id":5106,"date":"2025-12-01T10:21:58","date_gmt":"2025-12-01T10:21:58","guid":{"rendered":"https:\/\/samilia.org\/?page_id=5106"},"modified":"2026-01-19T16:33:11","modified_gmt":"2026-01-19T16:33:11","slug":"other-resources","status":"publish","type":"page","link":"https:\/\/samilia.org\/en\/other-resources\/","title":{"rendered":"Other resources"},"content":{"rendered":"<h1>Combating Human Trafficking: National and International Resources<\/h1>\n<h2 data-start=\"348\" data-end=\"380\">National Level: Belgium<\/h2>\n<h3 data-start=\"382\" data-end=\"434\">Federally funded specialised centres for victims of human trafficking<\/h3>\n<p data-start=\"435\" data-end=\"585\">In Belgium, three federal centres specialize for the support of victims of human trafficking and human exploitation :<\/p>\n<ul data-start=\"587\" data-end=\"665\">\n<li data-start=\"587\" data-end=\"614\">\n<p data-start=\"589\" data-end=\"614\"><a href=\"https:\/\/pag-asa.be\/\"><strong data-start=\"589\" data-end=\"600\">Pag-Asa<\/strong><\/a> (Brussels)<\/p>\n<\/li>\n<li data-start=\"615\" data-end=\"639\">\n<p data-start=\"617\" data-end=\"639\"><a href=\"https:\/\/www.asblsurya.org\/\"><strong data-start=\"617\" data-end=\"626\">S\u00dcRYA<\/strong><\/a> (Wallonia)<\/p>\n<\/li>\n<li data-start=\"640\" data-end=\"665\">\n<p data-start=\"642\" data-end=\"665\"><a href=\"https:\/\/www.payoke.be\/en\/\"><strong data-start=\"642\" data-end=\"652\">PAYOKE<\/strong><\/a> (Flanders)<\/p>\n<\/li>\n<\/ul>\n<p data-start=\"667\" data-end=\"829\">The\u00a0\u00a0<a href=\"https:\/\/pag-asa.be\/fr\/ressources\" target=\"_new\" rel=\"noopener\" data-start=\"675\" data-end=\"718\">Pag-Asa\u00a0<\/a>website offers useful resources to better understand human trafficking and victim support, including:<\/p>\n<ul data-start=\"481\" data-end=\"619\">\n<li data-start=\"481\" data-end=\"499\">\n<p data-start=\"483\" data-end=\"499\">Annual reports<\/p>\n<\/li>\n<li data-start=\"500\" data-end=\"551\">\n<p data-start=\"502\" data-end=\"551\">Awareness-raising flyers, brochures, and videos<\/p>\n<\/li>\n<li data-start=\"552\" data-end=\"619\">\n<p data-start=\"554\" data-end=\"619\">Information on Belgian, European, and international legislation<\/p>\n<\/li>\n<\/ul>\n<h3 data-start=\"978\" data-end=\"987\">MYRIA<\/h3>\n<p data-start=\"988\" data-end=\"1287\"><a href=\"https:\/\/www.myria.be\" target=\"_new\" rel=\"noopener\" data-start=\"988\" data-end=\"1017\">MYRIA <\/a>is an independent public agency responsible for migration issues and acts as an independent rapporteur for <strong>the fight against human trafficking and migrant smuggling<\/strong> in Belgium.<\/p>\n<p data-start=\"988\" data-end=\"1287\">MYRIA publishes key resources to understand migration and trafficking phenomena, including:<\/p>\n<ul data-start=\"1289\" data-end=\"1729\">\n<li style=\"list-style-type: none;\">\n<ul>\n<li data-start=\"909\" data-end=\"948\">\n<p data-start=\"911\" data-end=\"948\"><strong>Monthly newsletters<\/strong>: <em data-start=\"932\" data-end=\"946\">Les Myriades<\/em><\/p>\n<\/li>\n<li data-start=\"949\" data-end=\"967\">\n<p data-start=\"951\" data-end=\"967\"><strong>Press releases<\/strong><\/p>\n<\/li>\n<li data-start=\"968\" data-end=\"1033\">\n<p data-start=\"970\" data-end=\"1033\"><strong><em data-start=\"970\" data-end=\"1010\">Migration in Figures and Rights (2025)<\/em><\/strong>\u00a0: <a href=\"https:\/\/www.myria.be\/files\/2025_Population_et_mouvements.pdf\" target=\"_new\" rel=\"noopener\" data-start=\"1419\" data-end=\"1505\">T\u00e9l\u00e9charger le rapport<\/a><\/p>\n<\/li>\n<\/ul>\n<\/li>\n<\/ul>\n<p data-start=\"1510\" data-end=\"1729\">Annual evaluation reports (2024) : <a href=\"https:\/\/www.myria.be\/fr\/publications\/rapport-annuel-devaluation-2024-traite-et-trafic-des-etres-humains-travail-du-sexe-latino-americain-un-carrousel-a-risques\" target=\"_new\" rel=\"noopener\" data-start=\"1549\" data-end=\"1727\">Rapport complet<\/a><\/p>\n<h3 data-start=\"1731\" data-end=\"1746\">SPF Justice<\/h3>\n<p data-start=\"1747\" data-end=\"1923\">The <a href=\"https:\/\/www.stophumantrafficking.be\/\" target=\"_new\" rel=\"noopener\" data-start=\"1750\" data-end=\"1820\">Service Public F\u00e9d\u00e9ral Justice <\/a>coordinates the national fight against human trafficking in Belgium. Its missions include:<\/p>\n<ul data-start=\"1263\" data-end=\"1631\">\n<li data-start=\"1263\" data-end=\"1329\">\n<p data-start=\"1265\" data-end=\"1329\">Drafting and monitoring the legislative and judicial framework<\/p>\n<\/li>\n<li data-start=\"1330\" data-end=\"1452\">\n<p data-start=\"1332\" data-end=\"1452\">Coordinating national policy through the <strong>Interdepartmental Group for the Fight against Human Trafficking and Smuggling<\/strong><\/p>\n<\/li>\n<li data-start=\"1453\" data-end=\"1501\">\n<p data-start=\"1455\" data-end=\"1501\">Monitoring European and international bodies<\/p>\n<\/li>\n<li data-start=\"1502\" data-end=\"1538\">\n<p data-start=\"1504\" data-end=\"1538\">Developing national action plans<\/p>\n<\/li>\n<li data-start=\"1539\" data-end=\"1631\">\n<p data-start=\"1541\" data-end=\"1631\">Funding and supervising victim protection and support mechanisms (the 3 federal centres)<\/p>\n<\/li>\n<\/ul>\n<h2 data-start=\"2344\" data-end=\"2367\">International Level<\/h2>\n<h3 data-start=\"2369\" data-end=\"2392\">Council of Europe<\/h3>\n<p data-start=\"1685\" data-end=\"2169\">The <strong>Council of Europe<\/strong> plays a key role in combating human trafficking, particularly through its legal standards and monitoring mechanisms\u2014as a regional guardian of human rights in the fight against trafficking. It has adopted a specific convention (Warsaw, 2005), established an independent monitoring mechanism (GRETA \u2013 Group of Experts on Action against Trafficking in Human Beings), and exerts political and judicial influence through the ECHR (European Court of Human Rights).<\/p>\n<p data-start=\"2171\" data-end=\"2212\">Recent Council of Europe reports include:<\/p>\n<ul data-start=\"2934\" data-end=\"3157\">\n<li data-start=\"2934\" data-end=\"3037\">\n<p data-start=\"2936\" data-end=\"3037\"><a href=\"https:\/\/www.coe.int\/fr\/web\/secretary-general\/report-2024\">\u201cNos droits, notre avenir\u201d &#8211; Rapport annuel de la Secr\u00e9taire G\u00e9n\u00e9rale du Conseil de l\u2019Europe 2024<\/a><\/p>\n<\/li>\n<li data-start=\"2934\" data-end=\"3037\"><a href=\"https:\/\/www.coe.int\/fr\/web\/secretary-general\/report-2025\">\u201cVers un pacte d\u00e9mocratique pour l\u2019Europe\u201d &#8211; Rapport annuel du Secr\u00e9taire G\u00e9n\u00e9ral du Conseil de l\u2019Europe 2025<\/a><\/li>\n<\/ul>\n<p>Activit\u00e9s et rapports du GRETA : <a href=\"https:\/\/www.coe.int\/fr\/web\/anti-human-trafficking\/general-reports\" target=\"_new\" rel=\"noopener\" data-start=\"3192\" data-end=\"3283\">Consulter les rapports<\/a><\/p>\n<h3 data-start=\"3287\" data-end=\"3296\">UNODC<\/h3>\n<p data-start=\"3297\" data-end=\"3665\">The <strong data-start=\"2516\" data-end=\"2568\">United Nations Office on Drugs and Crime (UNODC)<\/strong> assists States in combating crime and human trafficking. Its actions include the <strong data-start=\"2650\" data-end=\"2673\">Blue Heart Campaign<\/strong> (30 July) and the annual publication of global reports on human trafficking : <a href=\"https:\/\/www.unodc.org\/unodc\/data-and-analysis\/glotip.html\" target=\"_new\" rel=\"noopener\" data-start=\"3588\" data-end=\"3663\">Rapports UNODC<\/a><\/p>\n<h3 data-start=\"3667\" data-end=\"3674\">IOM<\/h3>\n<p data-start=\"3675\" data-end=\"3816\">The <strong data-start=\"2785\" data-end=\"2835\">International Organization for Migration (IOM)<\/strong> has published a global overview of migration every two years since 2000.<\/p>\n<ul data-start=\"3817\" data-end=\"3945\">\n<li data-start=\"3817\" data-end=\"3945\">\n<p data-start=\"3819\" data-end=\"3945\"><a href=\"https:\/\/worldmigrationreport.iom.int\/msite\/wmr-2024-interactive\/?lang=F\" target=\"_new\" rel=\"noopener\" data-start=\"3819\" data-end=\"3943\">Rapport \u201c\u00c9tat de la migration dans le monde\u201d 2024<\/a><\/p>\n<\/li>\n<\/ul>\n<h3 data-start=\"3947\" data-end=\"3988\">ILO and the European Migration Network<\/h3>\n<ul data-start=\"3989\" data-end=\"4293\">\n<li data-start=\"3989\" data-end=\"4119\">\n<p data-start=\"2994\" data-end=\"3095\">The <strong data-start=\"2998\" data-end=\"3041\">International Labour Organization (ILO)<\/strong> works to combat forced labour and human exploitation.<\/p>\n<\/li>\n<li data-start=\"3989\" data-end=\"4119\">\n<p data-start=\"2994\" data-end=\"3095\">The <strong data-start=\"3101\" data-end=\"3137\">European Migration Network (EMN)<\/strong> publishes analyses on asylum and migration, which are useful for understanding migration flows and the protection of human rights.<\/p>\n<\/li>\n<\/ul>\n","protected":false},"excerpt":{"rendered":"<p>Combating Human Trafficking: National and International Resources National Level: Belgium Federally funded specialised centres for victims of human trafficking In Belgium, three federal centres specialize for the support of victims [&hellip;]<\/p>\n","protected":false},"author":1,"featured_media":0,"parent":0,"menu_order":0,"comment_status":"closed","ping_status":"closed","template":"","meta":{"_acf_changed":false,"footnotes":""},"class_list":["post-5106","page","type-page","status-publish","hentry"],"acf":[],"_links":{"self":[{"href":"https:\/\/samilia.org\/en\/wp-json\/wp\/v2\/pages\/5106","targetHints":{"allow":["GET"]}}],"collection":[{"href":"https:\/\/samilia.org\/en\/wp-json\/wp\/v2\/pages"}],"about":[{"href":"https:\/\/samilia.org\/en\/wp-json\/wp\/v2\/types\/page"}],"author":[{"embeddable":true,"href":"https:\/\/samilia.org\/en\/wp-json\/wp\/v2\/users\/1"}],"replies":[{"embeddable":true,"href":"https:\/\/samilia.org\/en\/wp-json\/wp\/v2\/comments?post=5106"}],"version-history":[{"count":7,"href":"https:\/\/samilia.org\/en\/wp-json\/wp\/v2\/pages\/5106\/revisions"}],"predecessor-version":[{"id":5475,"href":"https:\/\/samilia.org\/en\/wp-json\/wp\/v2\/pages\/5106\/revisions\/5475"}],"wp:attachment":[{"href":"https:\/\/samilia.org\/en\/wp-json\/wp\/v2\/media?parent=5106"}],"curies":[{"name":"wp","href":"https:\/\/api.w.org\/{rel}","templated":true}]}}