{"id":5610,"date":"2026-02-09T13:31:28","date_gmt":"2026-02-09T13:31:28","guid":{"rendered":"https:\/\/samilia.org\/?post_type=product&#038;p=5610"},"modified":"2026-03-04T14:11:37","modified_gmt":"2026-03-04T14:11:37","slug":"colloque-jeunesse-en-risque-de-traite-des-etres-humains","status":"publish","type":"product","link":"https:\/\/samilia.org\/en\/produit\/colloque-jeunesse-en-risque-de-traite-des-etres-humains\/","title":{"rendered":"Colloque : &#8220;Jeunesse en risque de traite des \u00eatres humains&#8221;"},"content":{"rendered":"<h3><span data-contrast=\"auto\">L\u2019objectif est de mettre le focus sur l\u2019exploitation des jeunes, dans le cadre de la traite des \u00eatres humains, en Belgique (exploitation sexuelle et criminalit\u00e9 forc\u00e9e, dans les trafics de drogues) et les actions mises en place, tant en Belgique qu\u2019en France, pour les prot\u00e9ger.<\/span><\/h3>\n<h4><span style=\"color: #3366ff;\"><a href=\"https:\/\/samilia.org\/wp-content\/uploads\/2026\/02\/BIO_Colloque2026.pdf\" target=\"_blank\" rel=\"noopener\"><span style=\"color: #2685ba;\">Retrouvez ici les biographies de tous.tes les intervenant.es.<\/span> \u00a0<\/a>\u00a0<\/span><\/h4>\n<ul>\n<li><strong><span class=\"a_GcMg font-feature-liga-off font-feature-clig-off font-feature-calt-off text-decoration-none text-strikethrough-none\">12h30 &#8211; Accueil des participant\u00b7es<\/span><\/strong><\/li>\n<li><strong><span class=\"a_GcMg font-feature-liga-off font-feature-clig-off font-feature-calt-off text-decoration-none text-strikethrough-none\">13h15 &#8211; Introduction par Charles-\u00c9ric Clesse<\/span><\/strong><span class=\"a_GcMg font-feature-liga-off font-feature-clig-off font-feature-calt-off text-decoration-none text-strikethrough-none\">, Administrateur de la Fondation Samilia<\/span><\/li>\n<li><strong><span class=\"a_GcMg font-feature-liga-off font-feature-clig-off font-feature-calt-off text-decoration-none text-strikethrough-none\">Pr\u00e9sentation vid\u00e9o par Patricia Le Cocq<\/span><\/strong><span class=\"a_GcMg font-feature-liga-off font-feature-clig-off font-feature-calt-off text-decoration-none text-strikethrough-none\">, Adjointe du Directeur, Myria, Centre F\u00e9d\u00e9ral Migration<\/span><\/li>\n<\/ul>\n<ul>\n<li><strong><span class=\"a_GcMg font-feature-liga-off font-feature-clig-off font-feature-calt-off text-decoration-none text-strikethrough-none\">13h30 &#8211; Panel 1 : \u00ab L\u2019exploitation des jeunes dans le cadre de la TEH : \u00e9tat des lieux et facteurs de risque en Belgique et en France \u00bb<\/span><\/strong><\/li>\n<li><strong><span class=\"a_GcMg font-feature-liga-off font-feature-clig-off font-feature-calt-off text-decoration-none text-strikethrough-none\">Mod\u00e9ration : Fran\u00e7oise Bar\u00e9<\/span><\/strong><span class=\"a_GcMg font-feature-liga-off font-feature-clig-off font-feature-calt-off text-decoration-none text-strikethrough-none\">, journaliste \u00e0 la RTBF<\/span><\/li>\n<li><strong><span class=\"a_GcMg font-feature-liga-off font-feature-clig-off font-feature-calt-off text-decoration-none text-strikethrough-none\">Intervenant\u00b7es :<\/span><\/strong>\n<ul>\n<li><strong><span class=\"a_GcMg font-feature-liga-off font-feature-clig-off font-feature-calt-off text-decoration-none text-strikethrough-none\">Emilie Coomans<\/span><\/strong><span class=\"a_GcMg font-feature-liga-off font-feature-clig-off font-feature-calt-off text-decoration-none text-strikethrough-none\">, Conseill\u00e8re politique, Child Focus<\/span><\/li>\n<li><strong><span class=\"a_GcMg font-feature-liga-off font-feature-clig-off font-feature-calt-off text-decoration-none text-strikethrough-none\">Dr. Carine De Buck<\/span><\/strong><span class=\"a_GcMg font-feature-liga-off font-feature-clig-off font-feature-calt-off text-decoration-none text-strikethrough-none\">, P\u00e9dopsychiatre, Bru-Stars<\/span><\/li>\n<li><strong><span class=\"a_GcMg font-feature-liga-off font-feature-clig-off font-feature-calt-off text-decoration-none text-strikethrough-none\">Romain Feuille<\/span><\/strong><span class=\"a_GcMg font-feature-liga-off font-feature-clig-off font-feature-calt-off text-decoration-none text-strikethrough-none\">, Charg\u00e9 de mission Lutte contre l\u2019exploitation et la TEH, MIPROF<\/span><\/li>\n<li><strong><span class=\"a_GcMg font-feature-liga-off font-feature-clig-off font-feature-calt-off text-decoration-none text-strikethrough-none\">Commissaire judiciaire \u00c9ric Garbar<\/span><\/strong><span class=\"a_GcMg font-feature-liga-off font-feature-clig-off font-feature-calt-off text-decoration-none text-strikethrough-none\">, Chef du Centre d\u2019expertise TEH de la Direction G\u00e9n\u00e9rale de la Police Judiciaire<\/span><\/li>\n<li><strong><span class=\"a_GcMg font-feature-liga-off font-feature-clig-off font-feature-calt-off text-decoration-none text-strikethrough-none\">Christian Meulders<\/span><\/strong><span class=\"a_GcMg font-feature-liga-off font-feature-clig-off font-feature-calt-off text-decoration-none text-strikethrough-none\">, Directeur, S\u00fcrya<\/span><\/li>\n<\/ul>\n<\/li>\n<\/ul>\n<ul>\n<li><strong><span class=\"a_GcMg font-feature-liga-off font-feature-clig-off font-feature-calt-off text-decoration-none text-strikethrough-none\">15h00 &#8211; Pause-Caf\u00e9<\/span><\/strong><\/li>\n<\/ul>\n<ul>\n<li><strong><span class=\"a_GcMg font-feature-liga-off font-feature-clig-off font-feature-calt-off text-decoration-none text-strikethrough-none\">15h30 &#8211; Panel 2 : \u00ab Pr\u00e9venir et agir : quelles r\u00e9ponses face \u00e0 l\u2019exploitation des jeunes dans le cadre de la TEH ? \u00bb<\/span><\/strong><\/li>\n<li><strong><span class=\"a_GcMg font-feature-liga-off font-feature-clig-off font-feature-calt-off text-decoration-none text-strikethrough-none\">Mod\u00e9ration : Fran\u00e7oise Bar\u00e9<\/span><\/strong><span class=\"a_GcMg font-feature-liga-off font-feature-clig-off font-feature-calt-off text-decoration-none text-strikethrough-none\">, journaliste \u00e0 la RTBF<\/span><\/li>\n<li><strong><span class=\"a_GcMg font-feature-liga-off font-feature-clig-off font-feature-calt-off text-decoration-none text-strikethrough-none\">Intervenant\u00b7es :<\/span><\/strong>\n<ul>\n<li><strong><span class=\"a_GcMg font-feature-liga-off font-feature-clig-off font-feature-calt-off text-decoration-none text-strikethrough-none\">Juliette Bobeau<\/span><\/strong><span class=\"a_GcMg font-feature-liga-off font-feature-clig-off font-feature-calt-off text-decoration-none text-strikethrough-none\">, Charg\u00e9e de mission valorisation et transmission des pratiques, Koutcha<\/span><\/li>\n<li><strong><span class=\"a_GcMg font-feature-liga-off font-feature-clig-off font-feature-calt-off text-decoration-none text-strikethrough-none\">Adrien Cornu<\/span><\/strong><span class=\"a_GcMg font-feature-liga-off font-feature-clig-off font-feature-calt-off text-decoration-none text-strikethrough-none\">, Charg\u00e9 de projet en protection de l\u2019enfance et point focal protection, DEI\/ECPAT<\/span><\/li>\n<li><strong><span class=\"a_GcMg font-feature-liga-off font-feature-clig-off font-feature-calt-off text-decoration-none text-strikethrough-none\">Alexandra De Wolf<\/span><\/strong><span class=\"a_GcMg font-feature-liga-off font-feature-clig-off font-feature-calt-off text-decoration-none text-strikethrough-none\">, Charg\u00e9e de projets, Fondation Samilia<\/span><\/li>\n<li><strong><span class=\"a_GcMg font-feature-liga-off font-feature-clig-off font-feature-calt-off text-decoration-none text-strikethrough-none\">Sandrine Fran\u00e7ois<\/span><\/strong><span class=\"a_GcMg font-feature-liga-off font-feature-clig-off font-feature-calt-off text-decoration-none text-strikethrough-none\">, Criminologue, Esperanto<\/span><\/li>\n<li><strong><span class=\"a_GcMg font-feature-liga-off font-feature-clig-off font-feature-calt-off text-decoration-none text-strikethrough-none\">Me. Jean-Pierre Jacques<\/span><\/strong><span class=\"a_GcMg font-feature-liga-off font-feature-clig-off font-feature-calt-off text-decoration-none text-strikethrough-none\">, avocat sp\u00e9cialis\u00e9, S-Law<\/span><\/li>\n<li><strong><span class=\"a_GcMg font-feature-liga-off font-feature-clig-off font-feature-calt-off text-decoration-none text-strikethrough-none\">Marie Thonon<\/span><\/strong><span class=\"a_GcMg font-feature-liga-off font-feature-clig-off font-feature-calt-off text-decoration-none text-strikethrough-none\">, R\u00e9f\u00e9rente intersectorialit\u00e9, AGAJ<\/span><\/li>\n<\/ul>\n<\/li>\n<\/ul>\n<ul>\n<li><strong><span class=\"a_GcMg font-feature-liga-off font-feature-clig-off font-feature-calt-off text-decoration-none text-strikethrough-none\">17h00 &#8211; Conclusions<\/span><\/strong>\n<ul>\n<li><strong><span class=\"a_GcMg font-feature-liga-off font-feature-clig-off font-feature-calt-off text-decoration-none text-strikethrough-none\">Monsieur le Ministre Yves Coppieters<\/span><\/strong><span class=\"a_GcMg font-feature-liga-off font-feature-clig-off font-feature-calt-off text-decoration-none text-strikethrough-none\">, en charge du Droit des Femmes et de l\u2019\u00c9galit\u00e9 des chances<\/span><\/li>\n<\/ul>\n<\/li>\n<\/ul>\n<ul>\n<li><strong><span class=\"a_GcMg font-feature-liga-off font-feature-clig-off font-feature-calt-off text-decoration-none text-strikethrough-none\">17h15 &#8211; Pr\u00e9sentation de la BD <\/span><span class=\"a_GcMg font-feature-liga-off font-feature-clig-off font-feature-calt-off text-decoration-none text-strikethrough-none\">Passeur(s)<\/span><span class=\"a_GcMg font-feature-liga-off font-feature-clig-off font-feature-calt-off text-decoration-none text-strikethrough-none\">, Ed. DUPUIS, par Fr\u00e9d\u00e9ric Loore et Damien Perez<\/span><\/strong><\/li>\n<\/ul>\n<ul>\n<li><strong><span class=\"a_GcMg font-feature-liga-off font-feature-clig-off font-feature-calt-off text-decoration-none text-strikethrough-none\">17h30 &#8211; Fin de l\u2019\u00e9v\u00e9nement<\/span><\/strong><\/li>\n<\/ul>\n<h4><a href=\"https:\/\/samilia.org\/wp-content\/uploads\/2026\/03\/Programme-Colloque-A4_FR-1.pdf\" target=\"_blank\" rel=\"noopener\"><span style=\"color: #2685ba;\">Cliquez ici pour t\u00e9l\u00e9charger le programme<\/span><\/a><\/h4>\n","protected":false},"excerpt":{"rendered":"<p>L\u2019objectif est de mettre le focus sur l\u2019exploitation des jeunes, dans le cadre de la traite des \u00eatres humains, en Belgique (exploitation sexuelle et criminalit\u00e9 forc\u00e9e, dans les trafics de [&hellip;]<\/p>\n","protected":false},"featured_media":5613,"template":"","meta":{"_acf_changed":false},"product_brand":[],"product_cat":[52,49],"product_tag":[],"class_list":{"0":"post-5610","1":"product","2":"type-product","3":"status-publish","4":"has-post-thumbnail","6":"product_cat-conferences","7":"product_cat-fondation","9":"first","10":"instock","11":"shipping-taxable","12":"product-type-simple"},"acf":[],"_links":{"self":[{"href":"https:\/\/samilia.org\/en\/wp-json\/wp\/v2\/product\/5610","targetHints":{"allow":["GET"]}}],"collection":[{"href":"https:\/\/samilia.org\/en\/wp-json\/wp\/v2\/product"}],"about":[{"href":"https:\/\/samilia.org\/en\/wp-json\/wp\/v2\/types\/product"}],"version-history":[{"count":15,"href":"https:\/\/samilia.org\/en\/wp-json\/wp\/v2\/product\/5610\/revisions"}],"predecessor-version":[{"id":5616,"href":"https:\/\/samilia.org\/en\/wp-json\/wp\/v2\/product\/5610\/revisions\/5616"}],"wp:featuredmedia":[{"embeddable":true,"href":"https:\/\/samilia.org\/en\/wp-json\/wp\/v2\/media\/5613"}],"wp:attachment":[{"href":"https:\/\/samilia.org\/en\/wp-json\/wp\/v2\/media?parent=5610"}],"wp:term":[{"taxonomy":"product_brand","embeddable":true,"href":"https:\/\/samilia.org\/en\/wp-json\/wp\/v2\/product_brand?post=5610"},{"taxonomy":"product_cat","embeddable":true,"href":"https:\/\/samilia.org\/en\/wp-json\/wp\/v2\/product_cat?post=5610"},{"taxonomy":"product_tag","embeddable":true,"href":"https:\/\/samilia.org\/en\/wp-json\/wp\/v2\/product_tag?post=5610"}],"curies":[{"name":"wp","href":"https:\/\/api.w.org\/{rel}","templated":true}]}}